{"id":571,"date":"2024-04-19T17:33:33","date_gmt":"2024-04-19T15:33:33","guid":{"rendered":"https:\/?page_id=571"},"modified":"2025-10-03T11:33:52","modified_gmt":"2025-10-03T09:33:52","slug":"colaboraciones","status":"publish","type":"page","link":"https:\/\/feelfreestorage.com\/fr\/colaboraciones\/","title":{"rendered":"Collaborations"},"content":{"rendered":"\t\t<div data-elementor-type=\"wp-page\" data-elementor-id=\"571\" class=\"elementor elementor-571\" data-elementor-post-type=\"page\">\n\t\t\t\t\t\t<section class=\"elementor-section elementor-top-section elementor-element elementor-element-4ab82081 elementor-section-boxed elementor-section-height-default elementor-section-height-default\" data-id=\"4ab82081\" data-element_type=\"section\" data-e-type=\"section\" data-settings=\"{&quot;background_background&quot;:&quot;classic&quot;}\">\n\t\t\t\t\t\t\t<div class=\"elementor-background-overlay\"><\/div>\n\t\t\t\t\t\t\t<div class=\"elementor-container elementor-column-gap-default\">\n\t\t\t\t\t<div class=\"elementor-column elementor-col-100 elementor-top-column elementor-element elementor-element-7cbae295\" data-id=\"7cbae295\" data-element_type=\"column\" data-e-type=\"column\">\n\t\t\t<div class=\"elementor-widget-wrap elementor-element-populated\">\n\t\t\t\t\t\t<div class=\"elementor-element elementor-element-4b562f96 elementor-invisible elementor-widget elementor-widget-heading\" data-id=\"4b562f96\" data-element_type=\"widget\" data-e-type=\"widget\" data-settings=\"{&quot;_animation&quot;:&quot;fadeInUp&quot;}\" data-widget_type=\"heading.default\">\n\t\t\t\t<div class=\"elementor-widget-container\">\n\t\t\t\t\t<h2 class=\"elementor-heading-title elementor-size-default\">Colaboraciones.<\/h2>\t\t\t\t<\/div>\n\t\t\t\t<\/div>\n\t\t\t\t<div class=\"elementor-element elementor-element-628e8db elementor-invisible elementor-widget elementor-widget-heading\" data-id=\"628e8db\" data-element_type=\"widget\" data-e-type=\"widget\" data-settings=\"{&quot;_animation&quot;:&quot;fadeInDown&quot;}\" data-widget_type=\"heading.default\">\n\t\t\t\t<div class=\"elementor-widget-container\">\n\t\t\t\t\t<h3 class=\"elementor-heading-title elementor-size-default\">Tienes alojamientos tur\u00edsticos y quieres trabajar con Nosotros.<\/h3>\t\t\t\t<\/div>\n\t\t\t\t<\/div>\n\t\t\t\t\t<\/div>\n\t\t<\/div>\n\t\t\t\t\t<\/div>\n\t\t<\/section>\n\t\t\t\t<section class=\"elementor-section elementor-top-section elementor-element elementor-element-5cf64ee9 elementor-section-boxed elementor-section-height-default elementor-section-height-default\" data-id=\"5cf64ee9\" data-element_type=\"section\" data-e-type=\"section\" data-settings=\"{&quot;background_background&quot;:&quot;classic&quot;}\">\n\t\t\t\t\t\t\t<div class=\"elementor-background-overlay\"><\/div>\n\t\t\t\t\t\t\t<div class=\"elementor-container elementor-column-gap-default\">\n\t\t\t\t\t<div class=\"elementor-column elementor-col-100 elementor-top-column elementor-element elementor-element-2f1e2811 elementor-invisible\" data-id=\"2f1e2811\" data-element_type=\"column\" data-e-type=\"column\" data-settings=\"{&quot;background_background&quot;:&quot;classic&quot;,&quot;animation&quot;:&quot;fadeInLeft&quot;}\">\n\t\t\t<div class=\"elementor-widget-wrap elementor-element-populated\">\n\t\t\t\t\t\t<div class=\"elementor-element elementor-element-6d30384 elementor-widget elementor-widget-heading\" data-id=\"6d30384\" data-element_type=\"widget\" data-e-type=\"widget\" data-widget_type=\"heading.default\">\n\t\t\t\t<div class=\"elementor-widget-container\">\n\t\t\t\t\t<h2 class=\"elementor-heading-title elementor-size-default\">Env\u00edanos un Mensaje.<\/h2>\t\t\t\t<\/div>\n\t\t\t\t<\/div>\n\t\t\t\t<div class=\"elementor-element elementor-element-6b588fe elementor-widget elementor-widget-text-editor\" data-id=\"6b588fe\" data-element_type=\"widget\" data-e-type=\"widget\" data-widget_type=\"text-editor.default\">\n\t\t\t\t<div class=\"elementor-widget-container\">\n\t\t\t\t\t\t\t\t\t<p>\u00a1Mejora la experiencia de tus clientes ofreciendo nuestro servicio de consigna de equipaje!<\/p><p>Al colaborar con nosotros, tus clientes podr\u00e1n disfrutar de un lugar seguro y de confianza para guardar sus maletas, mientras t\u00fa ganas una comisi\u00f3n por colaborar con nosotros. Adem\u00e1s, te ofrecemos descuentos exclusivos que puedes pasar directamente a tus clientes. Es una forma sencilla de agregar valor a tu servicio sin costo adicional. \u00bfInteresado? Ponte en contacto con nosotros para empezar a ofrecer este beneficio y ver c\u00f3mo crece la satisfacci\u00f3n de tus clientes y tus ingresos. <br \/>\u00a1\u00danete a nosotros y haz que cada viaje sea m\u00e1s c\u00f3modo para tus clientes!<\/p>\t\t\t\t\t\t\t\t<\/div>\n\t\t\t\t<\/div>\n\t\t\t\t<div class=\"elementor-element elementor-element-967479b elementor-button-align-start elementor-widget elementor-widget-form\" data-id=\"967479b\" data-element_type=\"widget\" data-e-type=\"widget\" data-settings=\"{&quot;step_next_label&quot;:&quot;Next&quot;,&quot;step_previous_label&quot;:&quot;Previous&quot;,&quot;button_width&quot;:&quot;100&quot;,&quot;step_type&quot;:&quot;number_text&quot;,&quot;step_icon_shape&quot;:&quot;circle&quot;}\" data-widget_type=\"form.default\">\n\t\t\t\t<div class=\"elementor-widget-container\">\n\t\t\t\t\t\t\t<form class=\"elementor-form\" method=\"post\" name=\"New Form\" aria-label=\"New Form\">\n\t\t\t<input type=\"hidden\" name=\"post_id\" value=\"571\"\/>\n\t\t\t<input type=\"hidden\" name=\"form_id\" value=\"967479b\"\/>\n\t\t\t<input type=\"hidden\" name=\"referer_title\" value=\"FEEL FREE STORAGE \u260e\ufe0f 963 155 206 | Colaboraciones\" \/>\n\n\t\t\t\t\t\t\t<input type=\"hidden\" name=\"queried_id\" value=\"571\"\/>\n\t\t\t\n\t\t\t<div class=\"elementor-form-fields-wrapper elementor-labels-\">\n\t\t\t\t\t\t\t\t<div class=\"elementor-field-type-text elementor-field-group elementor-column elementor-field-group-name elementor-col-100 elementor-field-required\">\n\t\t\t\t\t\t\t\t\t\t\t\t<label for=\"form-field-name\" class=\"elementor-field-label elementor-screen-only\">\n\t\t\t\t\t\t\t\tNombre\t\t\t\t\t\t\t<\/label>\n\t\t\t\t\t\t\t\t\t\t\t\t\t\t<input size=\"1\" type=\"text\" name=\"form_fields[name]\" id=\"form-field-name\" class=\"elementor-field elementor-size-sm  elementor-field-textual\" placeholder=\"Nombre Completo\" required=\"required\">\n\t\t\t\t\t\t\t\t\t\t\t<\/div>\n\t\t\t\t\t\t\t\t<div class=\"elementor-field-type-email elementor-field-group elementor-column elementor-field-group-email elementor-col-50 elementor-field-required\">\n\t\t\t\t\t\t\t\t\t\t\t\t<label for=\"form-field-email\" class=\"elementor-field-label elementor-screen-only\">\n\t\t\t\t\t\t\t\tEmail\t\t\t\t\t\t\t<\/label>\n\t\t\t\t\t\t\t\t\t\t\t\t\t\t<input size=\"1\" type=\"email\" name=\"form_fields[email]\" id=\"form-field-email\" class=\"elementor-field elementor-size-sm  elementor-field-textual\" placeholder=\"Tu email\" required=\"required\">\n\t\t\t\t\t\t\t\t\t\t\t<\/div>\n\t\t\t\t\t\t\t\t<div class=\"elementor-field-type-tel elementor-field-group elementor-column elementor-field-group-field_3685ccc elementor-col-50 elementor-field-required\">\n\t\t\t\t\t\t\t\t\t\t\t\t<label for=\"form-field-field_3685ccc\" class=\"elementor-field-label elementor-screen-only\">\n\t\t\t\t\t\t\t\tTel\u00e9fono\t\t\t\t\t\t\t<\/label>\n\t\t\t\t\t\t\t\t<input size=\"1\" type=\"tel\" name=\"form_fields[field_3685ccc]\" id=\"form-field-field_3685ccc\" class=\"elementor-field elementor-size-sm  elementor-field-textual\" placeholder=\"Tu tel\u00e9fono\" required=\"required\" pattern=\"[0-9()#&amp;+*-=.]+\" title=\"Only numbers and phone characters (#, -, *, etc) are accepted.\">\n\n\t\t\t\t\t\t<\/div>\n\t\t\t\t\t\t\t\t<div class=\"elementor-field-type-textarea elementor-field-group elementor-column elementor-field-group-message elementor-col-100\">\n\t\t\t\t\t\t\t\t\t\t\t\t<label for=\"form-field-message\" class=\"elementor-field-label elementor-screen-only\">\n\t\t\t\t\t\t\t\tMensaje\t\t\t\t\t\t\t<\/label>\n\t\t\t\t\t\t<textarea class=\"elementor-field-textual elementor-field  elementor-size-sm\" name=\"form_fields[message]\" id=\"form-field-message\" rows=\"4\" placeholder=\"\u00bfC\u00f3mo podemos ayudarte?\"><\/textarea>\t\t\t\t<\/div>\n\t\t\t\t\t\t\t\t<div class=\"elementor-field-type-acceptance elementor-field-group elementor-column elementor-field-group-field_96f34ec elementor-col-100 elementor-field-required\">\n\t\t\t\t\t\t\t\t\t\t\t\t<label for=\"form-field-field_96f34ec\" class=\"elementor-field-label elementor-screen-only\">\n\t\t\t\t\t\t\t\tPolitica de Privacidad\t\t\t\t\t\t\t<\/label>\n\t\t\t\t\t\t\t\t<div class=\"elementor-field-subgroup\">\n\t\t\t<span class=\"elementor-field-option\">\n\t\t\t\t<input type=\"checkbox\" name=\"form_fields[field_96f34ec]\" id=\"form-field-field_96f34ec\" class=\"elementor-field elementor-size-sm  elementor-acceptance-field\" required=\"required\">\n\t\t\t\t<label for=\"form-field-field_96f34ec\">He le\u00eddo y acepto la  <a href=\"https:\/politica-de-privacidad\/#privacidad\" target=\"_blank\"  rel=\"nofollow noopener\">Pol\u00edtica de Privacidad<\/a>.<\/label>\t\t\t<\/span>\n\t\t<\/div>\n\t\t\t\t\t\t<\/div>\n\t\t\t\t\t\t\t\t<div class=\"elementor-field-type-recaptcha_v3 elementor-field-group elementor-column elementor-field-group-field_8087283 elementor-col-100 recaptcha_v3-bottomright\">\n\t\t\t\t\t<div class=\"elementor-field\" id=\"form-field-field_8087283\"><div class=\"elementor-g-recaptcha\" data-sitekey=\"6LcR2cUpAAAAALHHRcDirGvn0PvylMAxP2_n2NNo\" data-type=\"v3\" data-action=\"Form\" data-badge=\"bottomright\" data-size=\"invisible\"><\/div><\/div>\t\t\t\t<\/div>\n\t\t\t\t\t\t\t\t<div class=\"elementor-field-group elementor-column elementor-field-type-submit elementor-col-100 e-form__buttons\">\n\t\t\t\t\t<button class=\"elementor-button elementor-size-md elementor-animation-grow\" type=\"submit\">\n\t\t\t\t\t\t<span class=\"elementor-button-content-wrapper\">\n\t\t\t\t\t\t\t\t\t\t\t\t\t\t\t<span class=\"elementor-button-icon\">\n\t\t\t\t\t\t\t\t\t<svg aria-hidden=\"true\" class=\"e-font-icon-svg e-far-envelope\" viewBox=\"0 0 512 512\" xmlns=\"http:\/\/www.w3.org\/2000\/svg\"><path d=\"M464 64H48C21.49 64 0 85.49 0 112v288c0 26.51 21.49 48 48 48h416c26.51 0 48-21.49 48-48V112c0-26.51-21.49-48-48-48zm0 48v40.805c-22.422 18.259-58.168 46.651-134.587 106.49-16.841 13.247-50.201 45.072-73.413 44.701-23.208.375-56.579-31.459-73.413-44.701C106.18 199.465 70.425 171.067 48 152.805V112h416zM48 400V214.398c22.914 18.251 55.409 43.862 104.938 82.646 21.857 17.205 60.134 55.186 103.062 54.955 42.717.231 80.509-37.199 103.053-54.947 49.528-38.783 82.032-64.401 104.947-82.653V400H48z\"><\/path><\/svg>\t\t\t\t\t\t\t\t\t\t\t\t\t\t\t\t\t<\/span>\n\t\t\t\t\t\t\t\t\t\t\t\t\t\t\t\t\t\t\t\t\t\t<span class=\"elementor-button-text\">Enviar Mensaje<\/span>\n\t\t\t\t\t\t\t\t\t\t\t\t\t<\/span>\n\t\t\t\t\t<\/button>\n\t\t\t\t<\/div>\n\t\t\t<\/div>\n\t\t<\/form>\n\t\t\t\t\t\t<\/div>\n\t\t\t\t<\/div>\n\t\t\t\t\t<\/div>\n\t\t<\/div>\n\t\t\t\t\t<\/div>\n\t\t<\/section>\n\t\t\t\t<section class=\"elementor-section elementor-top-section elementor-element elementor-element-59d06783 elementor-section-height-min-height elementor-section-boxed elementor-section-height-default elementor-section-items-middle\" data-id=\"59d06783\" data-element_type=\"section\" data-e-type=\"section\" data-settings=\"{&quot;background_background&quot;:&quot;classic&quot;}\">\n\t\t\t\t\t\t\t<div class=\"elementor-background-overlay\"><\/div>\n\t\t\t\t\t\t\t<div class=\"elementor-container elementor-column-gap-default\">\n\t\t\t\t\t<div class=\"elementor-column elementor-col-100 elementor-top-column elementor-element elementor-element-66d1a35c\" data-id=\"66d1a35c\" data-element_type=\"column\" data-e-type=\"column\">\n\t\t\t<div class=\"elementor-widget-wrap elementor-element-populated\">\n\t\t\t\t\t\t<div class=\"elementor-element elementor-element-54faaac0 elementor-widget elementor-widget-heading\" data-id=\"54faaac0\" data-element_type=\"widget\" data-e-type=\"widget\" data-settings=\"{&quot;_animation&quot;:&quot;none&quot;}\" data-widget_type=\"heading.default\">\n\t\t\t\t<div class=\"elementor-widget-container\">\n\t\t\t\t\t<h2 class=\"elementor-heading-title elementor-size-default\">\u00a1Juntos Podemos hacer Grandes Cosas!<\/h2>\t\t\t\t<\/div>\n\t\t\t\t<\/div>\n\t\t\t\t\t<\/div>\n\t\t<\/div>\n\t\t\t\t\t<\/div>\n\t\t<\/section>\n\t\t\t\t<\/div>\n\t\t","protected":false},"excerpt":{"rendered":"<p>Colaboraciones. Tienes alojamientos tur\u00edsticos y quieres trabajar con Nosotros. Env\u00edanos un Mensaje. \u00a1Mejora la experiencia de tus clientes ofreciendo nuestro servicio de consigna de equipaje! Al colaborar con nosotros, tus clientes podr\u00e1n disfrutar de un lugar seguro y de confianza para guardar sus maletas, mientras t\u00fa ganas una comisi\u00f3n por colaborar con nosotros. Adem\u00e1s, te [&hellip;]<\/p>\n","protected":false},"author":1,"featured_media":0,"parent":0,"menu_order":0,"comment_status":"closed","ping_status":"closed","template":"elementor_header_footer","meta":{"footnotes":""},"class_list":["post-571","page","type-page","status-publish","hentry"],"yoast_head":"<!-- This site is optimized with the Yoast SEO Premium plugin v27.0 (Yoast SEO v27.2) - https:\/\/yoast.com\/product\/yoast-seo-premium-wordpress\/ -->\n<title>FEEL FREE STORAGE \u260e\ufe0f 963 155 206 | Colaboraciones<\/title>\n<meta name=\"description\" content=\"\u00bfQuieres Colaborar con Nuestra Consigna de Maletas? \u2b50 Tu Negocio y Tus Clientes Saldr\u00e9is Beneficiados al Colaborar \u2705 GARANT\u00cdA Y SEGURIDAD\" \/>\n<meta name=\"robots\" content=\"noindex, nofollow\" \/>\n<meta property=\"og:locale\" content=\"fr_FR\" \/>\n<meta property=\"og:type\" content=\"article\" \/>\n<meta property=\"og:title\" content=\"Colaboraciones\" \/>\n<meta property=\"og:description\" content=\"\u00bfQuieres Colaborar con Nuestra Consigna de Maletas? \u2b50 Tu Negocio y Tus Clientes Saldr\u00e9is Beneficiados al Colaborar \u2705 GARANT\u00cdA Y SEGURIDAD\" \/>\n<meta property=\"og:url\" content=\"https:\/\/feelfreestorage.com\/fr\/colaboraciones\/\" \/>\n<meta property=\"og:site_name\" content=\"Feel Free Storage\" \/>\n<meta property=\"article:modified_time\" content=\"2025-10-03T09:33:52+00:00\" \/>\n<meta property=\"og:image\" content=\"https:\/\/feelfreestorage.com\/wp-content\/uploads\/2024\/04\/Maletas-Feel-Free-Luggage-Storage-Deposito-de-Maletas-Lockers-Valencia-Consigna-de-Equipajes-scaled.png\" \/>\n\t<meta property=\"og:image:width\" content=\"2560\" \/>\n\t<meta property=\"og:image:height\" content=\"2560\" \/>\n\t<meta property=\"og:image:type\" content=\"image\/png\" \/>\n<meta name=\"twitter:card\" content=\"summary_large_image\" \/>\n<meta name=\"twitter:label1\" content=\"Dur\u00e9e de lecture estim\u00e9e\" \/>\n\t<meta name=\"twitter:data1\" content=\"1 minute\" \/>\n<script type=\"application\/ld+json\" class=\"yoast-schema-graph\">{\"@context\":\"https:\/\/schema.org\",\"@graph\":[{\"@type\":\"WebPage\",\"@id\":\"https:\/\/feelfreestorage.com\/colaboraciones\/\",\"url\":\"https:\/\/feelfreestorage.com\/colaboraciones\/\",\"name\":\"FEEL FREE STORAGE \u260e\ufe0f 963 155 206 | Colaboraciones\",\"isPartOf\":{\"@id\":\"https:\/\/www.feelfreestorage.com\/de\/#website\"},\"datePublished\":\"2024-04-19T15:33:33+00:00\",\"dateModified\":\"2025-10-03T09:33:52+00:00\",\"description\":\"\u00bfQuieres Colaborar con Nuestra Consigna de Maletas? \u2b50 Tu Negocio y Tus Clientes Saldr\u00e9is Beneficiados al Colaborar \u2705 GARANT\u00cdA Y SEGURIDAD\",\"breadcrumb\":{\"@id\":\"https:\/\/feelfreestorage.com\/colaboraciones\/#breadcrumb\"},\"inLanguage\":\"fr-FR\",\"potentialAction\":[{\"@type\":\"ReadAction\",\"target\":[\"https:\/\/feelfreestorage.com\/colaboraciones\/\"]}]},{\"@type\":\"BreadcrumbList\",\"@id\":\"https:\/\/feelfreestorage.com\/colaboraciones\/#breadcrumb\",\"itemListElement\":[{\"@type\":\"ListItem\",\"position\":1,\"name\":\"Portada\",\"item\":\"https:\/\/feelfreestorage.com\/\"},{\"@type\":\"ListItem\",\"position\":2,\"name\":\"Colaboraciones\"}]},{\"@type\":\"WebSite\",\"@id\":\"https:\/\/www.feelfreestorage.com\/de\/#website\",\"url\":\"https:\/\/www.feelfreestorage.com\/de\/\",\"name\":\"Feel Free - Luggage Storage - Consigna de Equipajes\",\"description\":\"Donde guardar tu equipaje y maletas en consignas de Valencia\",\"publisher\":{\"@id\":\"https:\/\/www.feelfreestorage.com\/de\/#organization\"},\"alternateName\":\"Consigna Maletas Valencia\",\"potentialAction\":[{\"@type\":\"SearchAction\",\"target\":{\"@type\":\"EntryPoint\",\"urlTemplate\":\"https:\/\/www.feelfreestorage.com\/de\/?s={search_term_string}\"},\"query-input\":{\"@type\":\"PropertyValueSpecification\",\"valueRequired\":true,\"valueName\":\"search_term_string\"}}],\"inLanguage\":\"fr-FR\"},{\"@type\":[\"Organization\",\"Place\"],\"@id\":\"https:\/\/www.feelfreestorage.com\/de\/#organization\",\"name\":\"Consigna maletas Valencia\",\"alternateName\":\"Consigna equipaje Valencia\",\"url\":\"https:\/\/www.feelfreestorage.com\/de\/\",\"logo\":{\"@type\":\"ImageObject\",\"inLanguage\":\"fr-FR\",\"@id\":\"https:\/\/www.feelfreestorage.com\/de\/#\/schema\/logo\/image\/\",\"url\":\"https:\/\/feelfreestorage.com\/wp-content\/uploads\/2024\/04\/Logo-Feel-Free-Luggage-Storage-Deposito-de-Maletas-Lockers-Valencia-Consigna-de-Equipajes-sin.png\",\"contentUrl\":\"https:\/\/feelfreestorage.com\/wp-content\/uploads\/2024\/04\/Logo-Feel-Free-Luggage-Storage-Deposito-de-Maletas-Lockers-Valencia-Consigna-de-Equipajes-sin.png\",\"width\":2481,\"height\":2481,\"caption\":\"Consigna maletas Valencia\"},\"image\":{\"@id\":\"https:\/\/www.feelfreestorage.com\/de\/#\/schema\/logo\/image\/\"},\"mainEntityOfPage\":{\"@id\":\"https:\/\/feelfreestorage.com\/colaboraciones\/\"}}]}<\/script>\n<!-- \/ Yoast SEO Premium plugin. -->","yoast_head_json":{"title":"FEEL FREE STORAGE \u260e\ufe0f 963 155 206 | Colaboraciones","description":"\u00bfQuieres Colaborar con Nuestra Consigna de Maletas? \u2b50 Tu Negocio y Tus Clientes Saldr\u00e9is Beneficiados al Colaborar \u2705 GARANT\u00cdA Y SEGURIDAD","robots":{"index":"noindex","follow":"nofollow"},"og_locale":"fr_FR","og_type":"article","og_title":"Colaboraciones","og_description":"\u00bfQuieres Colaborar con Nuestra Consigna de Maletas? \u2b50 Tu Negocio y Tus Clientes Saldr\u00e9is Beneficiados al Colaborar \u2705 GARANT\u00cdA Y SEGURIDAD","og_url":"https:\/\/feelfreestorage.com\/fr\/colaboraciones\/","og_site_name":"Feel Free Storage","article_modified_time":"2025-10-03T09:33:52+00:00","og_image":[{"width":2560,"height":2560,"url":"https:\/\/feelfreestorage.com\/wp-content\/uploads\/2024\/04\/Maletas-Feel-Free-Luggage-Storage-Deposito-de-Maletas-Lockers-Valencia-Consigna-de-Equipajes-scaled.png","type":"image\/png"}],"twitter_card":"summary_large_image","twitter_misc":{"Dur\u00e9e de lecture estim\u00e9e":"1 minute"},"schema":{"@context":"https:\/\/schema.org","@graph":[{"@type":"WebPage","@id":"https:\/\/feelfreestorage.com\/colaboraciones\/","url":"https:\/\/feelfreestorage.com\/colaboraciones\/","name":"FEEL FREE STORAGE \u260e\ufe0f 963 155 206 | Colaboraciones","isPartOf":{"@id":"https:\/\/www.feelfreestorage.com\/de\/#website"},"datePublished":"2024-04-19T15:33:33+00:00","dateModified":"2025-10-03T09:33:52+00:00","description":"\u00bfQuieres Colaborar con Nuestra Consigna de Maletas? \u2b50 Tu Negocio y Tus Clientes Saldr\u00e9is Beneficiados al Colaborar \u2705 GARANT\u00cdA Y SEGURIDAD","breadcrumb":{"@id":"https:\/\/feelfreestorage.com\/colaboraciones\/#breadcrumb"},"inLanguage":"fr-FR","potentialAction":[{"@type":"ReadAction","target":["https:\/\/feelfreestorage.com\/colaboraciones\/"]}]},{"@type":"BreadcrumbList","@id":"https:\/\/feelfreestorage.com\/colaboraciones\/#breadcrumb","itemListElement":[{"@type":"ListItem","position":1,"name":"Portada","item":"https:\/\/feelfreestorage.com\/"},{"@type":"ListItem","position":2,"name":"Colaboraciones"}]},{"@type":"WebSite","@id":"https:\/\/www.feelfreestorage.com\/de\/#website","url":"https:\/\/www.feelfreestorage.com\/de\/","name":"Feel Free - Luggage Storage - Consigna de Equipajes","description":"Donde guardar tu equipaje y maletas en consignas de Valencia","publisher":{"@id":"https:\/\/www.feelfreestorage.com\/de\/#organization"},"alternateName":"Consigna Maletas Valencia","potentialAction":[{"@type":"SearchAction","target":{"@type":"EntryPoint","urlTemplate":"https:\/\/www.feelfreestorage.com\/de\/?s={search_term_string}"},"query-input":{"@type":"PropertyValueSpecification","valueRequired":true,"valueName":"search_term_string"}}],"inLanguage":"fr-FR"},{"@type":["Organization","Place"],"@id":"https:\/\/www.feelfreestorage.com\/de\/#organization","name":"Consigna maletas Valencia","alternateName":"Consigna equipaje Valencia","url":"https:\/\/www.feelfreestorage.com\/de\/","logo":{"@type":"ImageObject","inLanguage":"fr-FR","@id":"https:\/\/www.feelfreestorage.com\/de\/#\/schema\/logo\/image\/","url":"https:\/\/feelfreestorage.com\/wp-content\/uploads\/2024\/04\/Logo-Feel-Free-Luggage-Storage-Deposito-de-Maletas-Lockers-Valencia-Consigna-de-Equipajes-sin.png","contentUrl":"https:\/\/feelfreestorage.com\/wp-content\/uploads\/2024\/04\/Logo-Feel-Free-Luggage-Storage-Deposito-de-Maletas-Lockers-Valencia-Consigna-de-Equipajes-sin.png","width":2481,"height":2481,"caption":"Consigna maletas Valencia"},"image":{"@id":"https:\/\/www.feelfreestorage.com\/de\/#\/schema\/logo\/image\/"},"mainEntityOfPage":{"@id":"https:\/\/feelfreestorage.com\/colaboraciones\/"}}]}},"_links":{"self":[{"href":"https:\/\/feelfreestorage.com\/fr\/wp-json\/wp\/v2\/pages\/571","targetHints":{"allow":["GET"]}}],"collection":[{"href":"https:\/\/feelfreestorage.com\/fr\/wp-json\/wp\/v2\/pages"}],"about":[{"href":"https:\/\/feelfreestorage.com\/fr\/wp-json\/wp\/v2\/types\/page"}],"author":[{"embeddable":true,"href":"https:\/\/feelfreestorage.com\/fr\/wp-json\/wp\/v2\/users\/1"}],"replies":[{"embeddable":true,"href":"https:\/\/feelfreestorage.com\/fr\/wp-json\/wp\/v2\/comments?post=571"}],"version-history":[{"count":0,"href":"https:\/\/feelfreestorage.com\/fr\/wp-json\/wp\/v2\/pages\/571\/revisions"}],"wp:attachment":[{"href":"https:\/\/feelfreestorage.com\/fr\/wp-json\/wp\/v2\/media?parent=571"}],"curies":[{"name":"wp","href":"https:\/\/api.w.org\/{rel}","templated":true}]}}