{"id":592,"date":"2024-04-19T17:54:31","date_gmt":"2024-04-19T15:54:31","guid":{"rendered":"https:\/?page_id=592"},"modified":"2025-05-02T10:11:41","modified_gmt":"2025-05-02T08:11:41","slug":"terminos-y-condiciones","status":"publish","type":"page","link":"https:\/\/feelfreestorage.com\/it\/terminos-y-condiciones\/","title":{"rendered":"T\u00e9rminos y Condiciones"},"content":{"rendered":"<div data-elementor-type=\"wp-page\" data-elementor-id=\"592\" class=\"elementor elementor-592\" data-elementor-post-type=\"page\">\n\t\t\t\t\t\t<section class=\"elementor-section elementor-top-section elementor-element elementor-element-5b531ef5 elementor-section-boxed elementor-section-height-default elementor-section-height-default\" data-id=\"5b531ef5\" data-element_type=\"section\" data-e-type=\"section\" data-settings=\"{&quot;background_background&quot;:&quot;classic&quot;}\">\n\t\t\t\t\t\t\t<div class=\"elementor-background-overlay\"><\/div>\n\t\t\t\t\t\t\t<div class=\"elementor-container elementor-column-gap-default\">\n\t\t\t\t\t<div class=\"elementor-column elementor-col-100 elementor-top-column elementor-element elementor-element-6d5999bd\" data-id=\"6d5999bd\" data-element_type=\"column\" data-e-type=\"column\">\n\t\t\t<div class=\"elementor-widget-wrap elementor-element-populated\">\n\t\t\t\t\t\t<div class=\"elementor-element elementor-element-24a8004a elementor-invisible elementor-widget elementor-widget-heading\" data-id=\"24a8004a\" data-element_type=\"widget\" data-e-type=\"widget\" data-settings=\"{&quot;_animation&quot;:&quot;fadeInUp&quot;}\" data-widget_type=\"heading.default\">\n\t\t\t\t<div class=\"elementor-widget-container\">\n\t\t\t\t\t<h2 class=\"elementor-heading-title elementor-size-default\">Termini e Condizioni del Servizio.<\/h2>\t\t\t\t<\/div>\n\t\t\t\t<\/div>\n\t\t\t\t\t<\/div>\n\t\t<\/div>\n\t\t\t\t\t<\/div>\n\t\t<\/section>\n\t\t\t\t<section class=\"elementor-section elementor-top-section elementor-element elementor-element-110a015 elementor-section-boxed elementor-section-height-default elementor-section-height-default\" data-id=\"110a015\" data-element_type=\"section\" data-e-type=\"section\" data-settings=\"{&quot;background_background&quot;:&quot;classic&quot;}\">\n\t\t\t\t\t\t\t<div class=\"elementor-background-overlay\"><\/div>\n\t\t\t\t\t\t\t<div class=\"elementor-container elementor-column-gap-default\">\n\t\t\t\t\t<div class=\"elementor-column elementor-col-100 elementor-top-column elementor-element elementor-element-292150ef\" data-id=\"292150ef\" data-element_type=\"column\" data-e-type=\"column\" data-settings=\"{&quot;background_background&quot;:&quot;classic&quot;,&quot;animation&quot;:&quot;none&quot;}\">\n\t\t\t<div class=\"elementor-widget-wrap elementor-element-populated\">\n\t\t\t\t\t\t<div class=\"elementor-element elementor-element-621d6e82 elementor-widget elementor-widget-heading\" data-id=\"621d6e82\" data-element_type=\"widget\" data-e-type=\"widget\" data-widget_type=\"heading.default\">\n\t\t\t\t<div class=\"elementor-widget-container\">\n\t\t\t\t\t<h2 class=\"elementor-heading-title elementor-size-default\">Condizioni per l'utilizzo delle Partite.<br>\nFEEL FREE! Valencia Centro.<br>\nC\/Calabazas,14\n<\/h2>\t\t\t\t<\/div>\n\t\t\t\t<\/div>\n\t\t\t\t<div class=\"elementor-element elementor-element-3534d36d elementor-widget elementor-widget-text-editor\" data-id=\"3534d36d\" data-element_type=\"widget\" data-e-type=\"widget\" data-widget_type=\"text-editor.default\">\n\t\t\t\t<div class=\"elementor-widget-container\">\n\t\t\t\t\t\t\t\t\t<p class=\"translation-block\">Le presenti condizioni generali devono essere consultate prima dell'acquisto dei servizi. Effettuando un acquisto, l'Utente dichiara che:<\/p><p>- Avete letto, compreso e accettato quanto sopra.<\/p><p>- Di essere maggiorenne e di avere la capacit\u00e0 contrattuale sufficiente.<\/p><p>- Che si assume tutti gli obblighi previsti dal presente documento.<\/p><p class=\"translation-block\">In caso di sospetto o rilevamento di anomalie o frodi, FEEL FREE si riserva il diritto di annullare la transazione per motivi di sicurezza.<\/p><p>\u00a0<\/p><p><strong>SPECIFICHE PER L'ACQUISTO DEL SERVIZIO DI ARMADIETTI FEEL FREE:<\/strong><\/p><p>\u00a0<\/p><ul><li>Gli orari di apertura sono dalle 9:00 alle 21:00 tutti i giorni, comprese le domeniche e i giorni festivi.<\/li><\/ul><p>\u00a0<\/p><ul><li>Il cliente \u00e8 responsabile del contenuto dei bagagli lasciati nei locali. Non \u00e8 consentito immagazzinare prodotti o oggetti vietati dalle leggi, dai regolamenti e dagli ordini in vigore o che possano mettere in pericolo le persone presenti nei locali. Non \u00e8 consentito il deposito di sostanze chimiche o tossiche esplosive e infiammabili.<\/li><\/ul><p>\u00a0<\/p><ul><li>Non sono ammessi oggetti non adatti alla conservazione perch\u00e9 pericolosi, non sicuri o a causa del loro peso, dimensioni, forma o natura, n\u00e9 oggetti fragili o deperibili.<\/li><\/ul><p>\u00a0<\/p><ul><li>Esistono due tipi di deposito: gli armadietti e il deposito. Gli armadietti saranno utilizzati per il bagaglio a mano (40cm x 55cm x 25cm) e il deposito per tutte le valigie che superano queste misure e gli oggetti di grandi dimensioni, o per i soggiorni lunghi.<\/li><\/ul><p>\u00a0<\/p><ul><li>\u00c8 responsabilit\u00e0 del cliente assicurarsi prima della partenza che il deposito bagagli sia ben chiuso, che i bagagli siano ben chiusi e identificati, che non siano stati lasciati oggetti di valore (Feel Free non \u00e8 responsabile della perdita di tali oggetti) e che non vi siano animali nei bagagli.<\/li><\/ul><p>\u00a0<\/p><ul><li>\u00c8 responsabilit\u00e0 del cliente non lasciare nel deposito bagagli alcun documento d'identit\u00e0 o documento necessario per il viaggio.<\/li><\/ul><p>\u00a0<\/p><ul><li>Per ritirare il bagaglio \u00e8 necessario esibire il biglietto o il documento d'identit\u00e0 del cliente riportato sul biglietto.<\/li><\/ul><p>\u00a0<\/p><ul><li>Gli armadietti non rilasciati entro le ore 9.00 del giorno successivo, per i quali non \u00e8 stata effettuata la procedura di estensione della prenotazione, verranno svuotati e i bagagli depositati in uno spazio sicuro. I bagagli dimenticati o lasciati negli armadietti saranno distrutti dopo 5 giorni.<\/li><\/ul><p>\u00a0<\/p><ul><li>In caso di spedizione di un articolo dimenticato, tutti i costi sono a carico del cliente, pagati in anticipo con una tassa di gestione di 50 euro. Feel Free non \u00e8 in alcun modo responsabile dei bagagli rubati o danneggiati durante il processo di spedizione.<\/li><\/ul><p>\u00a0<\/p><ul><li>Feel Free non \u00e8 obbligata in nessun caso ad aprire le strutture per il ritiro dei bagagli al di fuori dell'orario di lavoro. Nel caso in cui sia possibile organizzare il recupero dei bagagli fuori orario, il cliente dovr\u00e0 pagare la somma di 100 euro per le spese di gestione e trasferimento.<\/li><\/ul><p>\u00a0<\/p><ul><li>In nessun caso verr\u00e0 rimborsato il denaro se il cliente desidera ritirare il proprio bagaglio prima della data o dell'orario di ritiro previsti o cancellare una prenotazione.<\/li><\/ul><p>\u00a0<\/p><p>In conformit\u00e0 alle disposizioni della Legge Organica 3\/2018, del 5 dicembre, sulla protezione dei dati personali e la garanzia dei diritti digitali (LOPD-GDD), vi informiamo che i dati che ci fornite sono utilizzati allo scopo di potervi fornire i servizi contrattati. Una volta terminato il rapporto tra l'azienda e il cliente, i dati saranno cancellati entro un mese al massimo. Feel Free si impegna a trattare i dati personali forniti in modo confidenziale e a non comunicare o trasferire tali informazioni a terzi. Vi informeremo della possibilit\u00e0 di esercitare i vostri diritti di accesso, rettifica, cancellazione e opposizione dei vostri dati personali per posta raccomandata, allegando una copia della vostra carta d'identit\u00e0 o passaporto, indirizzata a Justo SC, Carrer de Calabazas 14, Bajo. Valencia, 46001.<\/p>\t\t\t\t\t\t\t\t<\/div>\n\t\t\t\t<\/div>\n\t\t\t\t\t<\/div>\n\t\t<\/div>\n\t\t\t\t\t<\/div>\n\t\t<\/section>\n\t\t<div class=\"elementor-element elementor-element-5e6e17b e-flex e-con-boxed e-con e-parent\" data-id=\"5e6e17b\" data-element_type=\"container\" data-e-type=\"container\">\n\t\t\t\t\t<div class=\"e-con-inner\">\n\t\t\t\t<div class=\"elementor-element elementor-element-7df7781 elementor-widget elementor-widget-menu-anchor\" data-id=\"7df7781\" data-element_type=\"widget\" data-e-type=\"widget\" data-widget_type=\"menu-anchor.default\">\n\t\t\t\t<div class=\"elementor-widget-container\">\n\t\t\t\t\t\t\t<div class=\"elementor-menu-anchor\" id=\"sorolla\"><\/div>\n\t\t\t\t\t\t<\/div>\n\t\t\t\t<\/div>\n\t\t\t\t\t<\/div>\n\t\t\t\t<\/div>\n\t\t\t\t<section class=\"elementor-section elementor-top-section elementor-element elementor-element-6c12c15 elementor-section-boxed elementor-section-height-default elementor-section-height-default\" data-id=\"6c12c15\" data-element_type=\"section\" data-e-type=\"section\" data-settings=\"{&quot;background_background&quot;:&quot;classic&quot;}\">\n\t\t\t\t\t\t\t<div class=\"elementor-background-overlay\"><\/div>\n\t\t\t\t\t\t\t<div class=\"elementor-container elementor-column-gap-default\">\n\t\t\t\t\t<div class=\"elementor-column elementor-col-100 elementor-top-column elementor-element elementor-element-53e11b2\" data-id=\"53e11b2\" data-element_type=\"column\" data-e-type=\"column\" data-settings=\"{&quot;background_background&quot;:&quot;classic&quot;,&quot;animation&quot;:&quot;none&quot;}\">\n\t\t\t<div class=\"elementor-widget-wrap elementor-element-populated\">\n\t\t\t\t\t\t<div class=\"elementor-element elementor-element-73662a0 elementor-widget elementor-widget-menu-anchor\" data-id=\"73662a0\" data-element_type=\"widget\" data-e-type=\"widget\" data-widget_type=\"menu-anchor.default\">\n\t\t\t\t<div class=\"elementor-widget-container\">\n\t\t\t\t\t\t\t<div class=\"elementor-menu-anchor\" id=\"condicionesusosorolla\"><\/div>\n\t\t\t\t\t\t<\/div>\n\t\t\t\t<\/div>\n\t\t\t\t<div class=\"elementor-element elementor-element-1c13c04 elementor-widget elementor-widget-heading\" data-id=\"1c13c04\" data-element_type=\"widget\" data-e-type=\"widget\" data-widget_type=\"heading.default\">\n\t\t\t\t<div class=\"elementor-widget-container\">\n\t\t\t\t\t<h2 class=\"elementor-heading-title elementor-size-default\">Condizioni per l'utilizzo delle Partite.<br>\nFEEL FREE! Estaci\u00f3n Joaqu\u00edn Sorolla.<br>\nC\/ San Vicente M\u00e1rtir, 159\n<\/h2>\t\t\t\t<\/div>\n\t\t\t\t<\/div>\n\t\t\t\t<div class=\"elementor-element elementor-element-6607325 elementor-widget elementor-widget-text-editor\" data-id=\"6607325\" data-element_type=\"widget\" data-e-type=\"widget\" data-widget_type=\"text-editor.default\">\n\t\t\t\t<div class=\"elementor-widget-container\">\n\t\t\t\t\t\t\t\t\t<p class=\"translation-block\">Le presenti condizioni generali devono essere consultate prima dell'acquisto dei servizi. Effettuando un acquisto, l'Utente dichiara che:<\/p><p>- Avete letto, compreso e accettato quanto sopra.<\/p><p>- Di essere maggiorenne e di avere la capacit\u00e0 contrattuale sufficiente.<\/p><p>- Che si assume tutti gli obblighi previsti dal presente documento.<\/p><p class=\"translation-block\">In caso di sospetto o rilevamento di anomalie o frodi, FEEL FREE si riserva il diritto di annullare la transazione per motivi di sicurezza.<\/p><p>\u00a0<\/p><p><strong>SPECIFICHE PER L'ACQUISTO DEL SERVIZIO DI ARMADIETTI FEEL FREE:<\/strong><\/p><ul><li>El horario de apertura es de <span style=\"font-weight: 400;\">24 horas al d\u00eda, 365 d\u00edas al a\u00f1o.<\/span><\/li><\/ul><p>\u00a0<\/p><ul><li><span style=\"font-weight: 400;\">Los precios de nuestras taquillas se aplican por d\u00eda completo, no por horas. Un d\u00eda completo se contabiliza en horario natural, de 00:00 hasta las 23:59 horas.<\/span><\/li><\/ul><p>\u00a0<\/p><ul><li>Il cliente \u00e8 responsabile del contenuto dei bagagli lasciati nei locali. Non \u00e8 consentito immagazzinare prodotti o oggetti vietati dalle leggi, dai regolamenti e dagli ordini in vigore o che possano mettere in pericolo le persone presenti nei locali. Non \u00e8 consentito il deposito di sostanze chimiche o tossiche esplosive e infiammabili.<\/li><\/ul><p>\u00a0<\/p><ul><li>Non sono ammessi oggetti non adatti alla conservazione perch\u00e9 pericolosi, non sicuri o a causa del loro peso, dimensioni, forma o natura, n\u00e9 oggetti fragili o deperibili.<\/li><\/ul><p>\u00a0<\/p><ul><li>Existen dos tipos de almacenamiento: <span style=\"font-weight: 400;\">M y XL. El cliente debe verificar las dimensiones de su equipaje antes de realizar la reserva para asegurarse que entra dentro de la consigna seleccionada. Las ilustraciones proporcionadas son orientativas, el cliente debe tener en cuenta que sus maletas pueden tener medidas ligeramente diferentes a las est\u00e1ndar utilizadas en las ilustraciones.<\/span><\/li><\/ul><p>\u00a0<\/p><ul><li>\u00c8 responsabilit\u00e0 del cliente assicurarsi prima della partenza che il deposito bagagli sia ben chiuso, che i bagagli siano ben chiusi e identificati, che non siano stati lasciati oggetti di valore (Feel Free non \u00e8 responsabile della perdita di tali oggetti) e che non vi siano animali nei bagagli.<\/li><\/ul><p>\u00a0<\/p><ul><li>\u00c8 responsabilit\u00e0 del cliente non lasciare nel deposito bagagli alcun documento d'identit\u00e0 o documento necessario per il viaggio.<\/li><\/ul><p>\u00a0<\/p><ul><li>Todo casillero no liberado a las 23:59 hs. del d\u00eda siguiente, para el cual el procedimiento de prolongaci\u00f3n de reserva no haya sido efectuado, ser\u00e1 vaciado y el equipaje almacenado en un espacio seguro. Todo equipaje olvidado o dejado en las consignas ser\u00e1 destruido pasados 5 d\u00edas.<\/li><\/ul><p>\u00a0<\/p><ul><li>In caso di spedizione di un articolo dimenticato, tutti i costi sono a carico del cliente, pagati in anticipo con una tassa di gestione di 50 euro. Feel Free non \u00e8 in alcun modo responsabile dei bagagli rubati o danneggiati durante il processo di spedizione.<\/li><\/ul><p>\u00a0<\/p><ul><li>In nessun caso verr\u00e0 rimborsato il denaro se il cliente desidera ritirare il proprio bagaglio prima della data o dell'orario di ritiro previsti o cancellare una prenotazione.<\/li><\/ul><p>\u00a0<\/p><p>In conformit\u00e0 alle disposizioni della Legge Organica 3\/2018, del 5 dicembre, sulla protezione dei dati personali e la garanzia dei diritti digitali (LOPD-GDD), vi informiamo che i dati che ci fornite sono utilizzati allo scopo di potervi fornire i servizi contrattati. Una volta terminato il rapporto tra l'azienda e il cliente, i dati saranno cancellati entro un mese al massimo. Feel Free si impegna a trattare i dati personali forniti in modo confidenziale e a non comunicare o trasferire tali informazioni a terzi. Vi informeremo della possibilit\u00e0 di esercitare i vostri diritti di accesso, rettifica, cancellazione e opposizione dei vostri dati personali per posta raccomandata, allegando una copia della vostra carta d'identit\u00e0 o passaporto, indirizzata a Justo SC, Carrer de Calabazas 14, Bajo. Valencia, 46001.<\/p>\t\t\t\t\t\t\t\t<\/div>\n\t\t\t\t<\/div>\n\t\t\t\t\t<\/div>\n\t\t<\/div>\n\t\t\t\t\t<\/div>\n\t\t<\/section>\n\t\t\t\t<section class=\"elementor-section elementor-top-section elementor-element elementor-element-38ab77ba elementor-section-height-min-height elementor-section-boxed elementor-section-height-default elementor-section-items-middle\" data-id=\"38ab77ba\" data-element_type=\"section\" data-e-type=\"section\" data-settings=\"{&quot;background_background&quot;:&quot;classic&quot;}\">\n\t\t\t\t\t\t\t<div class=\"elementor-background-overlay\"><\/div>\n\t\t\t\t\t\t\t<div class=\"elementor-container elementor-column-gap-default\">\n\t\t\t\t\t<div class=\"elementor-column elementor-col-100 elementor-top-column elementor-element elementor-element-35b4d308\" data-id=\"35b4d308\" data-element_type=\"column\" data-e-type=\"column\">\n\t\t\t<div class=\"elementor-widget-wrap elementor-element-populated\">\n\t\t\t\t\t\t<div class=\"elementor-element elementor-element-59a51e43 elementor-widget elementor-widget-heading\" data-id=\"59a51e43\" data-element_type=\"widget\" data-e-type=\"widget\" data-settings=\"{&quot;_animation&quot;:&quot;none&quot;}\" data-widget_type=\"heading.default\">\n\t\t\t\t<div class=\"elementor-widget-container\">\n\t\t\t\t\t<h2 class=\"elementor-heading-title elementor-size-default\">Depositate i vostri bagagli presso il deposito Feel Free e godetevi Valencia senza preoccupazioni.\n<\/h2>\t\t\t\t<\/div>\n\t\t\t\t<\/div>\n\t\t\t\t<div class=\"elementor-element elementor-element-7380affb elementor-mobile-align-justify elementor-align-center elementor-widget elementor-widget-button\" data-id=\"7380affb\" data-element_type=\"widget\" data-e-type=\"widget\" data-widget_type=\"button.default\">\n\t\t\t\t<div class=\"elementor-widget-container\">\n\t\t\t\t\t\t\t\t\t<div class=\"elementor-button-wrapper\">\n\t\t\t\t\t<a class=\"elementor-button elementor-button-link elementor-size-md elementor-animation-grow\" href=\"https:\/\/\/it\/reservar\/\" rel=\"nofollow\">\n\t\t\t\t\t\t<span class=\"elementor-button-content-wrapper\">\n\t\t\t\t\t\t\t\t\t<span class=\"elementor-button-text\">Prenota ora!<\/span>\n\t\t\t\t\t<\/span>\n\t\t\t\t\t<\/a>\n\t\t\t\t<\/div>\n\t\t\t\t\t\t\t\t<\/div>\n\t\t\t\t<\/div>\n\t\t\t\t\t<\/div>\n\t\t<\/div>\n\t\t\t\t\t<\/div>\n\t\t<\/section>\n\t\t\t\t<\/div>","protected":false},"excerpt":{"rendered":"<p>T\u00e9rminos y Condiciones del Servicio. Condiciones del uso de las Consignas. FEEL FREE! Valencia Centro. C\/Calabazas,14 Antes de comprar los servicios han de consultarse estas condiciones generales. Al realizar una compra\u00a0El\u00a0Usuario\u00a0manifiesta que: \u2013 Ha le\u00eddo, entiende y acepta lo aqu\u00ed expuesto. \u2013 Que es\u00a0 mayor de edad y con capacidad suficiente para contratar. \u2013 Que [&hellip;]<\/p>\n","protected":false},"author":1,"featured_media":0,"parent":0,"menu_order":0,"comment_status":"closed","ping_status":"closed","template":"elementor_header_footer","meta":{"footnotes":""},"class_list":["post-592","page","type-page","status-publish","hentry"],"yoast_head":"<!-- This site is optimized with the Yoast SEO Premium plugin v27.0 (Yoast SEO v27.2) - https:\/\/yoast.com\/product\/yoast-seo-premium-wordpress\/ -->\n<title>T\u00e9rminos y Condiciones - Feel Free Storage<\/title>\n<meta name=\"robots\" content=\"noindex, nofollow\" \/>\n<meta property=\"og:locale\" content=\"it_IT\" \/>\n<meta property=\"og:type\" content=\"article\" \/>\n<meta property=\"og:title\" content=\"T\u00e9rminos y Condiciones\" \/>\n<meta property=\"og:description\" content=\"T\u00e9rminos y Condiciones del Servicio. Condiciones del uso de las Consignas. FEEL FREE! Valencia Centro. C\/Calabazas,14 Antes de comprar los servicios han de consultarse estas condiciones generales. Al realizar una compra\u00a0El\u00a0Usuario\u00a0manifiesta que: \u2013 Ha le\u00eddo, entiende y acepta lo aqu\u00ed expuesto. \u2013 Que es\u00a0 mayor de edad y con capacidad suficiente para contratar. \u2013 Que [&hellip;]\" \/>\n<meta property=\"og:url\" content=\"https:\/\/feelfreestorage.com\/it\/terminos-y-condiciones\/\" \/>\n<meta property=\"og:site_name\" content=\"Feel Free Storage\" \/>\n<meta property=\"article:modified_time\" content=\"2025-05-02T08:11:41+00:00\" \/>\n<meta property=\"og:image\" content=\"https:\/\/feelfreestorage.com\/wp-content\/uploads\/2024\/04\/Maletas-Feel-Free-Luggage-Storage-Deposito-de-Maletas-Lockers-Valencia-Consigna-de-Equipajes-scaled.png\" \/>\n\t<meta property=\"og:image:width\" content=\"2560\" \/>\n\t<meta property=\"og:image:height\" content=\"2560\" \/>\n\t<meta property=\"og:image:type\" content=\"image\/png\" \/>\n<meta name=\"twitter:card\" content=\"summary_large_image\" \/>\n<meta name=\"twitter:label1\" content=\"Tempo di lettura stimato\" \/>\n\t<meta name=\"twitter:data1\" content=\"6 minuti\" \/>\n<script type=\"application\/ld+json\" class=\"yoast-schema-graph\">{\"@context\":\"https:\/\/schema.org\",\"@graph\":[{\"@type\":\"WebPage\",\"@id\":\"https:\/\/feelfreestorage.com\/terminos-y-condiciones\/\",\"url\":\"https:\/\/feelfreestorage.com\/terminos-y-condiciones\/\",\"name\":\"T\u00e9rminos y Condiciones - Feel Free Storage\",\"isPartOf\":{\"@id\":\"https:\/\/www.feelfreestorage.com\/de\/#website\"},\"datePublished\":\"2024-04-19T15:54:31+00:00\",\"dateModified\":\"2025-05-02T08:11:41+00:00\",\"breadcrumb\":{\"@id\":\"https:\/\/feelfreestorage.com\/terminos-y-condiciones\/#breadcrumb\"},\"inLanguage\":\"it-IT\",\"potentialAction\":[{\"@type\":\"ReadAction\",\"target\":[\"https:\/\/feelfreestorage.com\/terminos-y-condiciones\/\"]}]},{\"@type\":\"BreadcrumbList\",\"@id\":\"https:\/\/feelfreestorage.com\/terminos-y-condiciones\/#breadcrumb\",\"itemListElement\":[{\"@type\":\"ListItem\",\"position\":1,\"name\":\"Portada\",\"item\":\"https:\/\/feelfreestorage.com\/\"},{\"@type\":\"ListItem\",\"position\":2,\"name\":\"T\u00e9rminos y Condiciones\"}]},{\"@type\":\"WebSite\",\"@id\":\"https:\/\/www.feelfreestorage.com\/de\/#website\",\"url\":\"https:\/\/www.feelfreestorage.com\/de\/\",\"name\":\"Feel Free - Luggage Storage - Consigna de Equipajes\",\"description\":\"Donde guardar tu equipaje y maletas en consignas de Valencia\",\"publisher\":{\"@id\":\"https:\/\/www.feelfreestorage.com\/de\/#organization\"},\"alternateName\":\"Consigna Maletas Valencia\",\"potentialAction\":[{\"@type\":\"SearchAction\",\"target\":{\"@type\":\"EntryPoint\",\"urlTemplate\":\"https:\/\/www.feelfreestorage.com\/de\/?s={search_term_string}\"},\"query-input\":{\"@type\":\"PropertyValueSpecification\",\"valueRequired\":true,\"valueName\":\"search_term_string\"}}],\"inLanguage\":\"it-IT\"},{\"@type\":[\"Organization\",\"Place\"],\"@id\":\"https:\/\/www.feelfreestorage.com\/de\/#organization\",\"name\":\"Consigna maletas Valencia\",\"alternateName\":\"Consigna equipaje Valencia\",\"url\":\"https:\/\/www.feelfreestorage.com\/de\/\",\"logo\":{\"@type\":\"ImageObject\",\"inLanguage\":\"it-IT\",\"@id\":\"https:\/\/www.feelfreestorage.com\/de\/#\/schema\/logo\/image\/\",\"url\":\"https:\/\/feelfreestorage.com\/wp-content\/uploads\/2024\/04\/Logo-Feel-Free-Luggage-Storage-Deposito-de-Maletas-Lockers-Valencia-Consigna-de-Equipajes-sin.png\",\"contentUrl\":\"https:\/\/feelfreestorage.com\/wp-content\/uploads\/2024\/04\/Logo-Feel-Free-Luggage-Storage-Deposito-de-Maletas-Lockers-Valencia-Consigna-de-Equipajes-sin.png\",\"width\":2481,\"height\":2481,\"caption\":\"Consigna maletas Valencia\"},\"image\":{\"@id\":\"https:\/\/www.feelfreestorage.com\/de\/#\/schema\/logo\/image\/\"},\"mainEntityOfPage\":{\"@id\":\"https:\/\/feelfreestorage.com\/terminos-y-condiciones\/\"}}]}<\/script>\n<!-- \/ Yoast SEO Premium plugin. -->","yoast_head_json":{"title":"T\u00e9rminos y Condiciones - Feel Free Storage","robots":{"index":"noindex","follow":"nofollow"},"og_locale":"it_IT","og_type":"article","og_title":"T\u00e9rminos y Condiciones","og_description":"T\u00e9rminos y Condiciones del Servicio. Condiciones del uso de las Consignas. FEEL FREE! Valencia Centro. C\/Calabazas,14 Antes de comprar los servicios han de consultarse estas condiciones generales. Al realizar una compra\u00a0El\u00a0Usuario\u00a0manifiesta que: \u2013 Ha le\u00eddo, entiende y acepta lo aqu\u00ed expuesto. \u2013 Que es\u00a0 mayor de edad y con capacidad suficiente para contratar. \u2013 Que [&hellip;]","og_url":"https:\/\/feelfreestorage.com\/it\/terminos-y-condiciones\/","og_site_name":"Feel Free Storage","article_modified_time":"2025-05-02T08:11:41+00:00","og_image":[{"width":2560,"height":2560,"url":"https:\/\/feelfreestorage.com\/wp-content\/uploads\/2024\/04\/Maletas-Feel-Free-Luggage-Storage-Deposito-de-Maletas-Lockers-Valencia-Consigna-de-Equipajes-scaled.png","type":"image\/png"}],"twitter_card":"summary_large_image","twitter_misc":{"Tempo di lettura stimato":"6 minuti"},"schema":{"@context":"https:\/\/schema.org","@graph":[{"@type":"WebPage","@id":"https:\/\/feelfreestorage.com\/terminos-y-condiciones\/","url":"https:\/\/feelfreestorage.com\/terminos-y-condiciones\/","name":"T\u00e9rminos y Condiciones - Feel Free Storage","isPartOf":{"@id":"https:\/\/www.feelfreestorage.com\/de\/#website"},"datePublished":"2024-04-19T15:54:31+00:00","dateModified":"2025-05-02T08:11:41+00:00","breadcrumb":{"@id":"https:\/\/feelfreestorage.com\/terminos-y-condiciones\/#breadcrumb"},"inLanguage":"it-IT","potentialAction":[{"@type":"ReadAction","target":["https:\/\/feelfreestorage.com\/terminos-y-condiciones\/"]}]},{"@type":"BreadcrumbList","@id":"https:\/\/feelfreestorage.com\/terminos-y-condiciones\/#breadcrumb","itemListElement":[{"@type":"ListItem","position":1,"name":"Portada","item":"https:\/\/feelfreestorage.com\/"},{"@type":"ListItem","position":2,"name":"T\u00e9rminos y Condiciones"}]},{"@type":"WebSite","@id":"https:\/\/www.feelfreestorage.com\/de\/#website","url":"https:\/\/www.feelfreestorage.com\/de\/","name":"Feel Free - Luggage Storage - Consigna de Equipajes","description":"Donde guardar tu equipaje y maletas en consignas de Valencia","publisher":{"@id":"https:\/\/www.feelfreestorage.com\/de\/#organization"},"alternateName":"Consigna Maletas Valencia","potentialAction":[{"@type":"SearchAction","target":{"@type":"EntryPoint","urlTemplate":"https:\/\/www.feelfreestorage.com\/de\/?s={search_term_string}"},"query-input":{"@type":"PropertyValueSpecification","valueRequired":true,"valueName":"search_term_string"}}],"inLanguage":"it-IT"},{"@type":["Organization","Place"],"@id":"https:\/\/www.feelfreestorage.com\/de\/#organization","name":"Consigna maletas Valencia","alternateName":"Consigna equipaje Valencia","url":"https:\/\/www.feelfreestorage.com\/de\/","logo":{"@type":"ImageObject","inLanguage":"it-IT","@id":"https:\/\/www.feelfreestorage.com\/de\/#\/schema\/logo\/image\/","url":"https:\/\/feelfreestorage.com\/wp-content\/uploads\/2024\/04\/Logo-Feel-Free-Luggage-Storage-Deposito-de-Maletas-Lockers-Valencia-Consigna-de-Equipajes-sin.png","contentUrl":"https:\/\/feelfreestorage.com\/wp-content\/uploads\/2024\/04\/Logo-Feel-Free-Luggage-Storage-Deposito-de-Maletas-Lockers-Valencia-Consigna-de-Equipajes-sin.png","width":2481,"height":2481,"caption":"Consigna maletas Valencia"},"image":{"@id":"https:\/\/www.feelfreestorage.com\/de\/#\/schema\/logo\/image\/"},"mainEntityOfPage":{"@id":"https:\/\/feelfreestorage.com\/terminos-y-condiciones\/"}}]}},"_links":{"self":[{"href":"https:\/\/feelfreestorage.com\/it\/wp-json\/wp\/v2\/pages\/592","targetHints":{"allow":["GET"]}}],"collection":[{"href":"https:\/\/feelfreestorage.com\/it\/wp-json\/wp\/v2\/pages"}],"about":[{"href":"https:\/\/feelfreestorage.com\/it\/wp-json\/wp\/v2\/types\/page"}],"author":[{"embeddable":true,"href":"https:\/\/feelfreestorage.com\/it\/wp-json\/wp\/v2\/users\/1"}],"replies":[{"embeddable":true,"href":"https:\/\/feelfreestorage.com\/it\/wp-json\/wp\/v2\/comments?post=592"}],"version-history":[{"count":0,"href":"https:\/\/feelfreestorage.com\/it\/wp-json\/wp\/v2\/pages\/592\/revisions"}],"wp:attachment":[{"href":"https:\/\/feelfreestorage.com\/it\/wp-json\/wp\/v2\/media?parent=592"}],"curies":[{"name":"wp","href":"https:\/\/api.w.org\/{rel}","templated":true}]}}